{"id":95,"date":"2025-10-30T17:40:17","date_gmt":"2025-10-30T16:40:17","guid":{"rendered":"https:\/\/anticolio.it\/?page_id=95"},"modified":"2025-10-30T17:52:44","modified_gmt":"2025-10-30T16:52:44","slug":"azienda-agricola-antico-ss-agricola-a-siderno","status":"publish","type":"page","link":"http:\/\/anticolio.it\/?page_id=95","title":{"rendered":"Azienda Agricola Antico Ss Agricola a Siderno"},"content":{"rendered":"\n<ul class=\"wp-block-list\">\n<li class=\"has-medium-font-size\"><strong>L&#8217;azienda nasce per esaltare le qualita della nostra terra e per far apprezzare tutto quello che c&#8217;\u00e8 di buono in calabria pur essendo una delle regione fanalino di coda per qualit\u00e0 della vita secondo le statistice  e quindi proporre dei prodotti locali di alta qualit\u00e0 <\/strong><\/li>\n<\/ul>\n\n\n\n<p class=\"has-large-font-size\"><\/p>\n","protected":false},"excerpt":{"rendered":"","protected":false},"author":1,"featured_media":0,"parent":0,"menu_order":0,"comment_status":"closed","ping_status":"closed","template":"","meta":{"footnotes":""},"class_list":["post-95","page","type-page","status-publish","hentry"],"_links":{"self":[{"href":"http:\/\/anticolio.it\/index.php?rest_route=\/wp\/v2\/pages\/95","targetHints":{"allow":["GET"]}}],"collection":[{"href":"http:\/\/anticolio.it\/index.php?rest_route=\/wp\/v2\/pages"}],"about":[{"href":"http:\/\/anticolio.it\/index.php?rest_route=\/wp\/v2\/types\/page"}],"author":[{"embeddable":true,"href":"http:\/\/anticolio.it\/index.php?rest_route=\/wp\/v2\/users\/1"}],"replies":[{"embeddable":true,"href":"http:\/\/anticolio.it\/index.php?rest_route=%2Fwp%2Fv2%2Fcomments&post=95"}],"version-history":[{"count":5,"href":"http:\/\/anticolio.it\/index.php?rest_route=\/wp\/v2\/pages\/95\/revisions"}],"predecessor-version":[{"id":107,"href":"http:\/\/anticolio.it\/index.php?rest_route=\/wp\/v2\/pages\/95\/revisions\/107"}],"wp:attachment":[{"href":"http:\/\/anticolio.it\/index.php?rest_route=%2Fwp%2Fv2%2Fmedia&parent=95"}],"curies":[{"name":"wp","href":"https:\/\/api.w.org\/{rel}","templated":true}]}}