{"id":34,"date":"2024-04-08T17:09:52","date_gmt":"2024-04-08T15:09:52","guid":{"rendered":"https:\/\/anticolio.it\/?page_id=34"},"modified":"2026-02-04T15:19:35","modified_gmt":"2026-02-04T14:19:35","slug":"olio","status":"publish","type":"page","link":"http:\/\/anticolio.it\/","title":{"rendered":"OLIO"},"content":{"rendered":"<div class=\"wp-block-image\">\n<figure class=\"alignright size-full is-resized\"><img loading=\"lazy\" decoding=\"async\" width=\"336\" height=\"329\" src=\"http:\/\/anticolio.it\/wp-content\/uploads\/2024\/03\/anticolio-1.jpg\" alt=\"\" class=\"wp-image-22\" style=\"aspect-ratio:1.0212883796600782;width:202px;height:auto\" srcset=\"http:\/\/anticolio.it\/wp-content\/uploads\/2024\/03\/anticolio-1.jpg 336w, http:\/\/anticolio.it\/wp-content\/uploads\/2024\/03\/anticolio-1-300x294.jpg 300w\" sizes=\"auto, (max-width: 336px) 100vw, 336px\" \/><\/figure>\n<\/div>\n\n\n<p>prodotto da  cultivar calabrese&nbsp;<strong><a href=\"https:\/\/www.google.com\/search?q=Geracese&amp;client=safari&amp;hs=jae9&amp;sca_esv=6d76dc318ac9b9d4&amp;rls=en&amp;ei=YSlBae2gFa2P9u8Pg6Pk-Q8&amp;ved=2ahUKEwj1u_nW6MGRAxUU8LsIHXYTFDkQgK4QegQIARAB&amp;uact=5&amp;oq=cultivar+calabrese+geracese&amp;gs_lp=Egxnd3Mtd2l6LXNlcnAiG2N1bHRpdmFyIGNhbGFicmVzZSBnZXJhY2VzZTIFECEYoAFI_w9QpwRY0g5wAXgBkAEAmAF-oAHGB6oBAzIuN7gBA8gBAPgBAZgCCqAClQjCAgoQABiwAxjWBBhHwgIGEAAYFhgewgIIEAAYgAQYogTCAgUQIRifBZgDAIgGAZAGCJIHAzEuOaAH0iKyBwMwLjm4B48IwgcFMC4zLjfIByCACAA&amp;sclient=gws-wiz-serp\">Geracese<\/a><\/strong>, nota anche come&nbsp;<strong><a href=\"https:\/\/www.google.com\/search?q=Grossa+di+Gerace&amp;client=safari&amp;hs=jae9&amp;sca_esv=6d76dc318ac9b9d4&amp;rls=en&amp;ei=YSlBae2gFa2P9u8Pg6Pk-Q8&amp;ved=2ahUKEwj1u_nW6MGRAxUU8LsIHXYTFDkQgK4QegQIARAC&amp;uact=5&amp;oq=cultivar+calabrese+geracese&amp;gs_lp=Egxnd3Mtd2l6LXNlcnAiG2N1bHRpdmFyIGNhbGFicmVzZSBnZXJhY2VzZTIFECEYoAFI_w9QpwRY0g5wAXgBkAEAmAF-oAHGB6oBAzIuN7gBA8gBAPgBAZgCCqAClQjCAgoQABiwAxjWBBhHwgIGEAAYFhgewgIIEAAYgAQYogTCAgUQIRifBZgDAIgGAZAGCJIHAzEuOaAH0iKyBwMwLjm4B48IwgcFMC4zLjfIByCACAA&amp;sclient=gws-wiz-serp\">Grossa di Gerace<\/a><\/strong>&nbsp;o&nbsp;<strong>Mammolese<\/strong>,&nbsp;<mark>\u00e8 un&#8217;antica e preziosa variet\u00e0 di olivo tipica della&nbsp;<strong>Costa dei Gelsomini<\/strong><\/mark> vengono trattate nella stessa giornata e prima della frangitura messe in cella frigo per preservare polifenoli e acidit\u00e0.&nbsp;<\/p>\n\n\n\n<p><strong>Frangitura  a dischi dentati<\/strong>: 1400 &#8211; 1600 giri\/minuto. Rompe i vacuoli cellulari dell&#8217;oliva creando fettine, riducendo il surriscaldamento e l&#8217;emulsione acqua-olio La velocit\u00e0 ideale \u00e8 cruciale per preservare la qualit\u00e0, influenzando la resa e le caratteristiche organolettiche, con la tendenza attuale a preferire metodi che controllino meglio temperatura e contatto con l&#8217;aria.<\/p>\n\n\n\n<p><strong>Gramolazione successiva<\/strong>: La velocit\u00e0 del frangitore influenza la granulometria della pasta, che deve essere poi gramolata lentamente (20-30 giri\/min) sotto vuoto e sempre a temperatura controllata per favorire la coalescenza dell&#8217;olio senza ossidazione.<\/p>\n\n\n\n<p>estrazione con un&nbsp;<em>separatore centrifugo ad asse orizzontale<\/em>, utilizzato nella fase della produzione dell&#8217;olio detta estrazione.<\/p>\n\n\n\n<p>controllo computerizzato delle temperature di tutte le fasi di lavorazione<\/p>\n\n\n\n<p>&nbsp;<\/p>\n\n\n\n<div class=\"wp-block-cover aligncenter has-custom-content-position is-position-top-left\"><img loading=\"lazy\" decoding=\"async\" width=\"1024\" height=\"576\" class=\"wp-block-cover__image-background wp-image-131\" alt=\"\" src=\"https:\/\/anticolio.it\/wp-content\/uploads\/2026\/02\/641B0724-BF4A-4411-9538-23F9313DCF39-1-1024x576.jpeg\" data-object-fit=\"cover\" srcset=\"http:\/\/anticolio.it\/wp-content\/uploads\/2026\/02\/641B0724-BF4A-4411-9538-23F9313DCF39-1-1024x576.jpeg 1024w, http:\/\/anticolio.it\/wp-content\/uploads\/2026\/02\/641B0724-BF4A-4411-9538-23F9313DCF39-1-300x169.jpeg 300w, http:\/\/anticolio.it\/wp-content\/uploads\/2026\/02\/641B0724-BF4A-4411-9538-23F9313DCF39-1-768x432.jpeg 768w, http:\/\/anticolio.it\/wp-content\/uploads\/2026\/02\/641B0724-BF4A-4411-9538-23F9313DCF39-1-1536x864.jpeg 1536w, http:\/\/anticolio.it\/wp-content\/uploads\/2026\/02\/641B0724-BF4A-4411-9538-23F9313DCF39-1-2048x1152.jpeg 2048w\" sizes=\"auto, (max-width: 1024px) 100vw, 1024px\" \/><span aria-hidden=\"true\" class=\"wp-block-cover__background has-background-dim\"><\/span><div class=\"wp-block-cover__inner-container is-layout-flow wp-block-cover-is-layout-flow\">\n<p><\/p>\n\n\n\n<p><\/p>\n<\/div><\/div>\n\n\n\n<p class=\"has-text-align-center has-large-font-size\"><strong><mark style=\"background-color:rgba(0, 0, 0, 0)\" class=\"has-inline-color has-luminous-vivid-amber-color\">Bottiglia 0,25 Litri. 6,50euro<\/mark><\/strong><\/p>\n\n\n\n<p class=\"has-text-align-center has-large-font-size\"><strong><mark style=\"background-color:rgba(0, 0, 0, 0)\" class=\"has-inline-color has-luminous-vivid-amber-color\">Bottiglia 0,50 Litri. 11,60euro<\/mark><\/strong><\/p>\n\n\n\n<p class=\"has-text-align-center has-large-font-size\"><strong><mark style=\"background-color:rgba(0, 0, 0, 0)\" class=\"has-inline-color has-luminous-vivid-amber-color\">Lattina 3 Litri. 60,50 euro<\/mark><\/strong><\/p>\n\n\n\n<p class=\"has-text-align-center has-large-font-size\"><strong><mark style=\"background-color:rgba(0, 0, 0, 0)\" class=\"has-inline-color has-luminous-vivid-amber-color\">Lattina 5 Litri. 95,60 euro<\/mark><\/strong><\/p>\n\n\n\n<p><\/p>\n\n\n\n<p>scrivici mail info@anticolio.it<\/p>\n\n\n\n<h2 class=\"wp-block-heading\">Azienda Agricola Antico Ssa  Siderno<\/h2>\n\n\n<div class=\"wp-block-image\">\n<figure class=\"aligncenter size-large\"><img loading=\"lazy\" decoding=\"async\" width=\"768\" height=\"1024\" src=\"http:\/\/anticolio.it\/wp-content\/uploads\/2025\/11\/IMG_5565-2-768x1024.jpeg\" alt=\"\" class=\"wp-image-113\" style=\"aspect-ratio:1;object-fit:cover\" srcset=\"http:\/\/anticolio.it\/wp-content\/uploads\/2025\/11\/IMG_5565-2-768x1024.jpeg 768w, http:\/\/anticolio.it\/wp-content\/uploads\/2025\/11\/IMG_5565-2-225x300.jpeg 225w, http:\/\/anticolio.it\/wp-content\/uploads\/2025\/11\/IMG_5565-2-scaled.jpeg 1920w\" sizes=\"auto, (max-width: 768px) 100vw, 768px\" \/><figcaption class=\"wp-element-caption\">Frantoio <\/figcaption><\/figure>\n<\/div>","protected":false},"excerpt":{"rendered":"<p>prodotto da cultivar calabrese&nbsp;Geracese, nota anche come&nbsp;Grossa di Gerace&nbsp;o&nbsp;Mammolese,&nbsp;\u00e8 un&#8217;antica e preziosa variet\u00e0 di olivo tipica della&nbsp;Costa dei Gelsomini vengono trattate nella stessa giornata e prima della frangitura messe in cella frigo per preservare polifenoli e acidit\u00e0.&nbsp; Frangitura a dischi dentati: 1400 &#8211; 1600 giri\/minuto. Rompe i vacuoli cellulari dell&#8217;oliva creando fettine, riducendo il surriscaldamento &hellip; <\/p>\n","protected":false},"author":1,"featured_media":0,"parent":0,"menu_order":0,"comment_status":"closed","ping_status":"closed","template":"","meta":{"footnotes":""},"class_list":["post-34","page","type-page","status-publish","hentry"],"_links":{"self":[{"href":"http:\/\/anticolio.it\/index.php?rest_route=\/wp\/v2\/pages\/34","targetHints":{"allow":["GET"]}}],"collection":[{"href":"http:\/\/anticolio.it\/index.php?rest_route=\/wp\/v2\/pages"}],"about":[{"href":"http:\/\/anticolio.it\/index.php?rest_route=\/wp\/v2\/types\/page"}],"author":[{"embeddable":true,"href":"http:\/\/anticolio.it\/index.php?rest_route=\/wp\/v2\/users\/1"}],"replies":[{"embeddable":true,"href":"http:\/\/anticolio.it\/index.php?rest_route=%2Fwp%2Fv2%2Fcomments&post=34"}],"version-history":[{"count":17,"href":"http:\/\/anticolio.it\/index.php?rest_route=\/wp\/v2\/pages\/34\/revisions"}],"predecessor-version":[{"id":134,"href":"http:\/\/anticolio.it\/index.php?rest_route=\/wp\/v2\/pages\/34\/revisions\/134"}],"wp:attachment":[{"href":"http:\/\/anticolio.it\/index.php?rest_route=%2Fwp%2Fv2%2Fmedia&parent=34"}],"curies":[{"name":"wp","href":"https:\/\/api.w.org\/{rel}","templated":true}]}}